{"id":201,"date":"2021-06-17T22:34:06","date_gmt":"2021-06-17T22:34:06","guid":{"rendered":"https:\/\/szentgyorgyvt.hu\/tagok\/login\/"},"modified":"2021-06-17T22:45:26","modified_gmt":"2021-06-17T22:45:26","slug":"login","status":"publish","type":"page","link":"https:\/\/szentgyorgyvt.hu\/tagok\/login\/","title":{"rendered":"Bejelentkez\u00e9s"},"content":{"rendered":"\n<div class=\"um um-login um-197\">\n\t<div class=\"um-form\">\n\t\t<form method=\"post\" action=\"\" autocomplete=\"off\">\n\t\t\t<div class=\"um-row _um_row_1 \" style=\"margin: 0 0 30px 0;\"><div class=\"um-col-1\"><div  id=\"um_field_197_username\" class=\"um-field um-field-text  um-field-username um-field-text um-field-type_text\" data-key=\"username\"><div class=\"um-field-label\"><label for=\"username-197\">Felhaszn\u00e1l\u00f3n\u00e9v vagy e-mail c\u00edm<\/label><div class=\"um-clear\"><\/div><\/div><div class=\"um-field-area\"><input  autocomplete=\"off\" class=\"um-form-field valid \" type=\"text\" name=\"username-197\" id=\"username-197\" value=\"\" placeholder=\"\" data-validate=\"unique_username_or_email\" data-key=\"username\"  aria-invalid=\"false\" \/>\n\n\t\t\t\t\t\t<\/div><\/div><div  id=\"um_field_197_user_password\" class=\"um-field um-field-password  um-field-user_password um-field-password um-field-type_password\" data-key=\"user_password\"><div class=\"um-field-label\"><label for=\"user_password-197\">Jelsz\u00f3<\/label><div class=\"um-clear\"><\/div><\/div><div class=\"um-field-area\"><input class=\"um-form-field valid \" type=\"password\" name=\"user_password-197\" id=\"user_password-197\" value=\"\" placeholder=\"\" data-validate=\"\" data-key=\"user_password\"  aria-invalid=\"false\" \/>\n\n\t\t\t\t\t\t\t<\/div><\/div><\/div><\/div>\t<input type=\"hidden\" name=\"form_id\" id=\"form_id_197\" value=\"197\" \/>\n\t\t<p class=\"um_request_name\">\n\t\t<label for=\"um_request_197\">Only fill in if you are not human<\/label>\n\t\t<input type=\"hidden\" name=\"um_request\" id=\"um_request_197\" class=\"input\" value=\"\" size=\"25\" autocomplete=\"off\" \/>\n\t<\/p>\n\t<input type=\"hidden\" id=\"_wpnonce\" name=\"_wpnonce\" value=\"62aaf60664\" \/><input type=\"hidden\" name=\"_wp_http_referer\" value=\"\/tagok\/wp-json\/wp\/v2\/pages\/201\/\" \/>\n\t<div class=\"um-col-alt\">\n\n\t\t\n\n\t\t\t<div class=\"um-field um-field-c\">\n\t\t\t\t<div class=\"um-field-area\">\n\t\t\t\t\t<label class=\"um-field-checkbox\">\n\t\t\t\t\t\t<input type=\"checkbox\" name=\"rememberme\" value=\"1\"  \/>\n\t\t\t\t\t\t<span class=\"um-field-checkbox-state\"><i class=\"um-icon-android-checkbox-outline-blank\"><\/i><\/span>\n\t\t\t\t\t\t<span class=\"um-field-checkbox-option\"> Maradjak bejelentkezve<\/span>\n\t\t\t\t\t<\/label>\n\t\t\t\t<\/div>\n\t\t\t<\/div>\n\n\t\t\t\t\t\t<div class=\"um-clear\"><\/div>\n\t\t\n\t\t\t<div class=\"um-left um-half\">\n\t\t\t\t<input type=\"submit\" value=\"Bejelentkez\u00e9s\" class=\"um-button\" id=\"um-submit-btn\" \/>\n\t\t\t<\/div>\n\t\t\t<div class=\"um-right um-half\">\n\t\t\t\t<a href=\"https:\/\/szentgyorgyvt.hu\/tagok\/register\/\" class=\"um-button um-alt\">\n\t\t\t\t\tRegisztr\u00e1ci\u00f3\t\t\t\t<\/a>\n\t\t\t<\/div>\n\n\t\t\n\t\t<div class=\"um-clear\"><\/div>\n\n\t<\/div>\n\n\t\n\t<div class=\"um-col-alt-b\">\n\t\t<a href=\"https:\/\/szentgyorgyvt.hu\/tagok\/password-reset\/\" class=\"um-link-alt\">\n\t\t\tElfelejtett jelsz\u00f3?\t\t<\/a>\n\t<\/div>\n\n\t\t\t<\/form>\n\t<\/div>\n<\/div>\n<style>\n\t\t\t.um-197.um {\n\t\t\tmax-width: 450px;\n\t\t}\n\t\t<\/style>\n\n","protected":false},"excerpt":{"rendered":"","protected":false},"author":1,"featured_media":0,"parent":0,"menu_order":0,"comment_status":"closed","ping_status":"closed","template":"","meta":{"_et_pb_use_builder":"","_et_pb_old_content":"","_et_gb_content_width":"","footnotes":""},"class_list":["post-201","page","type-page","status-publish","hentry"],"_links":{"self":[{"href":"https:\/\/szentgyorgyvt.hu\/tagok\/wp-json\/wp\/v2\/pages\/201\/"}],"collection":[{"href":"https:\/\/szentgyorgyvt.hu\/tagok\/wp-json\/wp\/v2\/pages\/"}],"about":[{"href":"https:\/\/szentgyorgyvt.hu\/tagok\/wp-json\/wp\/v2\/types\/page\/"}],"author":[{"embeddable":true,"href":"https:\/\/szentgyorgyvt.hu\/tagok\/wp-json\/wp\/v2\/users\/1\/"}],"replies":[{"embeddable":true,"href":"https:\/\/szentgyorgyvt.hu\/tagok\/wp-json\/wp\/v2\/comments\/?post=201"}],"version-history":[{"count":1,"href":"https:\/\/szentgyorgyvt.hu\/tagok\/wp-json\/wp\/v2\/pages\/201\/revisions\/"}],"predecessor-version":[{"id":208,"href":"https:\/\/szentgyorgyvt.hu\/tagok\/wp-json\/wp\/v2\/pages\/201\/revisions\/208\/"}],"wp:attachment":[{"href":"https:\/\/szentgyorgyvt.hu\/tagok\/wp-json\/wp\/v2\/media\/?parent=201"}],"curies":[{"name":"wp","href":"https:\/\/api.w.org\/{rel}","templated":true}]}}